{"id":7375,"date":"2020-05-08T00:28:46","date_gmt":"2020-05-07T21:28:46","guid":{"rendered":"https:\/\/dtedizcemturk.com\/rahat-implant-tedavisi-ankara\/"},"modified":"2025-07-28T14:37:58","modified_gmt":"2025-07-28T11:37:58","slug":"implant-treatment-in-turkey-ankara","status":"publish","type":"page","link":"https:\/\/dtedizcemturk.com\/en\/implant-treatment-in-turkey-ankara\/","title":{"rendered":"Implant Treatment In Turkey Ankara"},"content":{"rendered":"<section class=\"l-section wpb_row height_custom\"><div class=\"l-section-h i-cf\"><div class=\"g-cols vc_row via_flex valign_top type_default stacking_default\"><div class=\"vc_col-sm-6 wpb_column vc_column_container\"><div class=\"vc_column-inner\"><div class=\"wpb_wrapper\"><div class=\"wpb_text_column\"><div class=\"wpb_wrapper\"><h2>Dental Implants<\/h2>\n<p>&nbsp;<\/p>\n<p>Dental implants are <b>artificial tooth roots<\/b> placed into the jawbone when one or more teeth are missing. These screw-shaped implants are inserted into the jawbone, and a period of time, typically <b>3 months<\/b>, is then awaited for the implant to fuse with the jawbone. While these are ideal durations, this period can be shorter with different procedures or even longer. Our clinic in Ankara offers various methods for <b>comfortable implant treatment<\/b>, which we will elaborate on further in this article.<\/p>\n<p>For example, procedures such as <b>bone graft additions<\/b> or <b>sinus lifts<\/b> can extend this waiting period. Conversely, using implants with different technologies can shorten this time to as little as <b>21 days<\/b>. We will also explain situations where this period can be reduced to <b>1 day<\/b> later in the article.<\/p>\n<p>In some cases, it&#8217;s possible to place an implant and attach a tooth on the same day. This treatment protocol, known as <b>immediate loading<\/b>, has specific conditions. Immediate loading can be performed on patients who meet these criteria. Especially in cases of <b>anterior tooth fractures or extractions<\/b>, it&#8217;s possible to perform both the tooth extraction and implant placement with an immediate restoration (a prosthetic crown) on the same day to maintain the patient&#8217;s aesthetics and function. Naturally, <b>digital workflows<\/b> significantly facilitate these procedures.<\/p>\n<hr \/>\n<p>&nbsp;<\/p>\n<h2>Traditional vs. Modern Surgical Methods<\/h2>\n<p>&nbsp;<\/p>\n<p>There are now significant differences between traditional and new surgical methods. In older implant application methods, a classical incision and suturing method were used after implant placement. However, there&#8217;s a method called &#8220;<b>flapless surgery<\/b>&#8221; which involves no incision or sutures. With this very simple procedure, we can place implants and complete implant treatment in much shorter times. For instance, you can have an implant placed in as little as <b>7 minutes<\/b>.<\/p>\n<p>As an alternative technique for patients who are afraid of implants or avoid treatment due to the perceived long duration, <b>Guided Surgery<\/b> can be mentioned. This method is used to increase comfort, especially in patients where we want to perform a safer surgery. In short, various methods are available for patients seeking <b>comfortable implant treatment<\/b>. Comfortable implant treatment can be performed at our clinic in Ankara.<\/p>\n<hr \/>\n<p>&nbsp;<\/p>\n<h2>Guided Surgery in Ankara<\/h2>\n<p>&nbsp;<\/p>\n<p><b>Guided Surgery<\/b> is a treatment that can be performed for implants in Ankara. In this method, before the procedure, a <b>tomography<\/b>, detailed bone examination, and intraoral examination are conducted, and a personalized <b>guide<\/b> is prepared. This guide shows us which region of the bone, with what thickness and length, and even at what angle the implant can be placed during the operation. This significantly increases the comfort of both the doctor and the patient during the procedure.<\/p>\n<p><b>Comfortable implant treatment<\/b> can be performed in Ankara. Our primary goal is for our patients to leave our clinic happy and satisfied with their treatments. Our clinic utilizes all modern technology and continuously strives to improve for maximum patient comfort. You can find more detailed information about implants on our blog page. You can review the links below to learn what you&#8217;re curious about, and if you&#8217;d like more detailed information, you can call our clinic via our contact page to request an appointment. It&#8217;s also worth adding that all these methods can be performed with <b>sedation (light anesthesia)<\/b>.<\/p>\n<\/div><\/div><\/div><\/div><\/div><div class=\"vc_col-sm-6 wpb_column vc_column_container\"><div class=\"vc_column-inner\"><div class=\"wpb_wrapper\"><div class=\"w-image us_custom_a518f36e us_animate_this align_none\"><div class=\"w-image-h\"><img decoding=\"async\" width=\"1599\" height=\"898\" src=\"https:\/\/dtedizcemturk.com\/wp-content\/uploads\/2024\/12\/implant-img.jpg\" class=\"attachment-full size-full\" alt=\"implant ankara bat\u0131kent\" loading=\"lazy\" srcset=\"https:\/\/dtedizcemturk.com\/wp-content\/uploads\/2024\/12\/implant-img.jpg 1599w, https:\/\/dtedizcemturk.com\/wp-content\/uploads\/2024\/12\/implant-img-300x168.jpg 300w, https:\/\/dtedizcemturk.com\/wp-content\/uploads\/2024\/12\/implant-img-1024x575.jpg 1024w\" sizes=\"auto, (max-width: 1599px) 100vw, 1599px\" \/><\/div><\/div><div class=\"w-image align_none\"><div class=\"w-image-h\"><img decoding=\"async\" width=\"1024\" height=\"575\" src=\"https:\/\/dtedizcemturk.com\/wp-content\/uploads\/2024\/12\/ankara-batikent-implant-2-4-1024x575.jpg\" class=\"attachment-large size-large\" alt=\"implant ankara bat\u0131kent\" loading=\"lazy\" srcset=\"https:\/\/dtedizcemturk.com\/wp-content\/uploads\/2024\/12\/ankara-batikent-implant-2-4-1024x575.jpg 1024w, https:\/\/dtedizcemturk.com\/wp-content\/uploads\/2024\/12\/ankara-batikent-implant-2-4-300x168.jpg 300w\" sizes=\"auto, (max-width: 1024px) 100vw, 1024px\" \/><\/div><\/div><\/div><\/div><\/div><\/div><\/div><\/section>\n","protected":false},"excerpt":{"rendered":"Dental Implants &nbsp; Dental implants are artificial tooth roots placed into the jawbone when one or more teeth are missing. These screw-shaped implants are inserted into the jawbone, and a period of time, typically 3 months, is then awaited for the implant to fuse with the jawbone. While these are ideal durations, this period can...","protected":false},"author":1,"featured_media":0,"parent":0,"menu_order":0,"comment_status":"closed","ping_status":"closed","template":"","meta":{"footnotes":""},"class_list":["post-7375","page","type-page","status-publish","hentry"],"yoast_head":"<!-- This site is optimized with the Yoast SEO plugin v27.5 - https:\/\/yoast.com\/product\/yoast-seo-wordpress\/ -->\n<title>Implant Treatment In Turkey Ankara - Dt. Ediz Cem T\u00fcrk - 0552 449 00 77<\/title>\n<meta name=\"description\" content=\"\u0130mplant yapt\u0131rmak isteyen, ancak bu tedaviden korkan bir \u00e7ok hasta ile kar\u015f\u0131la\u015f\u0131yoruz. Kolay ve rahat implant tedavisi Ankara &#039;da m\u00fcmk\u00fcn!\" \/>\n<meta name=\"robots\" content=\"index, follow, max-snippet:-1, max-image-preview:large, max-video-preview:-1\" \/>\n<link rel=\"canonical\" href=\"https:\/\/dtedizcemturk.com\/en\/implant-treatment-in-turkey-ankara\/\" \/>\n<meta property=\"og:locale\" content=\"en_US\" \/>\n<meta property=\"og:type\" content=\"article\" \/>\n<meta property=\"og:title\" content=\"Implant Treatment In Turkey Ankara - Dt. Ediz Cem T\u00fcrk - 0552 449 00 77\" \/>\n<meta property=\"og:description\" content=\"\u0130mplant yapt\u0131rmak isteyen, ancak bu tedaviden korkan bir \u00e7ok hasta ile kar\u015f\u0131la\u015f\u0131yoruz. Kolay ve rahat implant tedavisi Ankara &#039;da m\u00fcmk\u00fcn!\" \/>\n<meta property=\"og:url\" content=\"https:\/\/dtedizcemturk.com\/en\/implant-treatment-in-turkey-ankara\/\" \/>\n<meta property=\"og:site_name\" content=\"Dt. Ediz Cem T\u00fcrk - 0552 449 00 77\" \/>\n<meta property=\"article:modified_time\" content=\"2025-07-28T11:37:58+00:00\" \/>\n<meta name=\"twitter:card\" content=\"summary_large_image\" \/>\n<meta name=\"twitter:label1\" content=\"Est. reading time\" \/>\n\t<meta name=\"twitter:data1\" content=\"4 minutes\" \/>\n<script type=\"application\/ld+json\" class=\"yoast-schema-graph\">{\"@context\":\"https:\\\/\\\/schema.org\",\"@graph\":[{\"@type\":\"WebPage\",\"@id\":\"https:\\\/\\\/dtedizcemturk.com\\\/en\\\/implant-treatment-in-turkey-ankara\\\/\",\"url\":\"https:\\\/\\\/dtedizcemturk.com\\\/en\\\/implant-treatment-in-turkey-ankara\\\/\",\"name\":\"Implant Treatment In Turkey Ankara - Dt. Ediz Cem T\u00fcrk - 0552 449 00 77\",\"isPartOf\":{\"@id\":\"https:\\\/\\\/dtedizcemturk.com\\\/#website\"},\"datePublished\":\"2020-05-07T21:28:46+00:00\",\"dateModified\":\"2025-07-28T11:37:58+00:00\",\"description\":\"\u0130mplant yapt\u0131rmak isteyen, ancak bu tedaviden korkan bir \u00e7ok hasta ile kar\u015f\u0131la\u015f\u0131yoruz. Kolay ve rahat implant tedavisi Ankara 'da m\u00fcmk\u00fcn!\",\"inLanguage\":\"en-US\",\"potentialAction\":[{\"@type\":\"ReadAction\",\"target\":[\"https:\\\/\\\/dtedizcemturk.com\\\/en\\\/implant-treatment-in-turkey-ankara\\\/\"]}]},{\"@type\":\"WebSite\",\"@id\":\"https:\\\/\\\/dtedizcemturk.com\\\/#website\",\"url\":\"https:\\\/\\\/dtedizcemturk.com\\\/\",\"name\":\"Dt. Ediz Cem T\u00fcrk - 0552 449 00 77\",\"description\":\"\",\"potentialAction\":[{\"@type\":\"SearchAction\",\"target\":{\"@type\":\"EntryPoint\",\"urlTemplate\":\"https:\\\/\\\/dtedizcemturk.com\\\/?s={search_term_string}\"},\"query-input\":{\"@type\":\"PropertyValueSpecification\",\"valueRequired\":true,\"valueName\":\"search_term_string\"}}],\"inLanguage\":\"en-US\"}]}<\/script>\n<!-- \/ Yoast SEO plugin. -->","yoast_head_json":{"title":"Implant Treatment In Turkey Ankara - Dt. Ediz Cem T\u00fcrk - 0552 449 00 77","description":"\u0130mplant yapt\u0131rmak isteyen, ancak bu tedaviden korkan bir \u00e7ok hasta ile kar\u015f\u0131la\u015f\u0131yoruz. Kolay ve rahat implant tedavisi Ankara 'da m\u00fcmk\u00fcn!","robots":{"index":"index","follow":"follow","max-snippet":"max-snippet:-1","max-image-preview":"max-image-preview:large","max-video-preview":"max-video-preview:-1"},"canonical":"https:\/\/dtedizcemturk.com\/en\/implant-treatment-in-turkey-ankara\/","og_locale":"en_US","og_type":"article","og_title":"Implant Treatment In Turkey Ankara - Dt. Ediz Cem T\u00fcrk - 0552 449 00 77","og_description":"\u0130mplant yapt\u0131rmak isteyen, ancak bu tedaviden korkan bir \u00e7ok hasta ile kar\u015f\u0131la\u015f\u0131yoruz. Kolay ve rahat implant tedavisi Ankara 'da m\u00fcmk\u00fcn!","og_url":"https:\/\/dtedizcemturk.com\/en\/implant-treatment-in-turkey-ankara\/","og_site_name":"Dt. Ediz Cem T\u00fcrk - 0552 449 00 77","article_modified_time":"2025-07-28T11:37:58+00:00","twitter_card":"summary_large_image","twitter_misc":{"Est. reading time":"4 minutes"},"schema":{"@context":"https:\/\/schema.org","@graph":[{"@type":"WebPage","@id":"https:\/\/dtedizcemturk.com\/en\/implant-treatment-in-turkey-ankara\/","url":"https:\/\/dtedizcemturk.com\/en\/implant-treatment-in-turkey-ankara\/","name":"Implant Treatment In Turkey Ankara - Dt. Ediz Cem T\u00fcrk - 0552 449 00 77","isPartOf":{"@id":"https:\/\/dtedizcemturk.com\/#website"},"datePublished":"2020-05-07T21:28:46+00:00","dateModified":"2025-07-28T11:37:58+00:00","description":"\u0130mplant yapt\u0131rmak isteyen, ancak bu tedaviden korkan bir \u00e7ok hasta ile kar\u015f\u0131la\u015f\u0131yoruz. Kolay ve rahat implant tedavisi Ankara 'da m\u00fcmk\u00fcn!","inLanguage":"en-US","potentialAction":[{"@type":"ReadAction","target":["https:\/\/dtedizcemturk.com\/en\/implant-treatment-in-turkey-ankara\/"]}]},{"@type":"WebSite","@id":"https:\/\/dtedizcemturk.com\/#website","url":"https:\/\/dtedizcemturk.com\/","name":"Dt. Ediz Cem T\u00fcrk - 0552 449 00 77","description":"","potentialAction":[{"@type":"SearchAction","target":{"@type":"EntryPoint","urlTemplate":"https:\/\/dtedizcemturk.com\/?s={search_term_string}"},"query-input":{"@type":"PropertyValueSpecification","valueRequired":true,"valueName":"search_term_string"}}],"inLanguage":"en-US"}]}},"_links":{"self":[{"href":"https:\/\/dtedizcemturk.com\/en\/wp-json\/wp\/v2\/pages\/7375","targetHints":{"allow":["GET"]}}],"collection":[{"href":"https:\/\/dtedizcemturk.com\/en\/wp-json\/wp\/v2\/pages"}],"about":[{"href":"https:\/\/dtedizcemturk.com\/en\/wp-json\/wp\/v2\/types\/page"}],"author":[{"embeddable":true,"href":"https:\/\/dtedizcemturk.com\/en\/wp-json\/wp\/v2\/users\/1"}],"replies":[{"embeddable":true,"href":"https:\/\/dtedizcemturk.com\/en\/wp-json\/wp\/v2\/comments?post=7375"}],"version-history":[{"count":2,"href":"https:\/\/dtedizcemturk.com\/en\/wp-json\/wp\/v2\/pages\/7375\/revisions"}],"predecessor-version":[{"id":7377,"href":"https:\/\/dtedizcemturk.com\/en\/wp-json\/wp\/v2\/pages\/7375\/revisions\/7377"}],"wp:attachment":[{"href":"https:\/\/dtedizcemturk.com\/en\/wp-json\/wp\/v2\/media?parent=7375"}],"curies":[{"name":"wp","href":"https:\/\/api.w.org\/{rel}","templated":true}]}}